{"id":2229,"date":"2017-07-04T12:37:46","date_gmt":"2017-07-04T10:37:46","guid":{"rendered":"https:\/\/www.lakecomogreenlands.com\/datenschutz-cookies\/"},"modified":"2022-12-15T13:25:25","modified_gmt":"2022-12-15T11:25:25","slug":"datenschutz-cookies","status":"publish","type":"page","link":"https:\/\/www.lakecomogreenlands.com\/de\/datenschutz-cookies\/","title":{"rendered":"Datenschutz &#038; Cookies"},"content":{"rendered":"<p>[et_pb_section fb_built=&#8220;1&#8243; admin_label=&#8220;section&#8220; _builder_version=&#8220;4.16&#8243; global_colors_info=&#8220;{}&#8220;][et_pb_row admin_label=&#8220;row&#8220; _builder_version=&#8220;4.16&#8243; background_size=&#8220;initial&#8220; background_position=&#8220;top_left&#8220; background_repeat=&#8220;repeat&#8220; global_colors_info=&#8220;{}&#8220;][et_pb_column type=&#8220;4_4&#8243; _builder_version=&#8220;4.16&#8243; custom_padding=&#8220;|||&#8220; global_colors_info=&#8220;{}&#8220; custom_padding__hover=&#8220;|||&#8220;][et_pb_text admin_label=&#8220;Testo&#8220; _builder_version=&#8220;4.17.6&#8243; background_size=&#8220;initial&#8220; background_position=&#8220;top_left&#8220; background_repeat=&#8220;repeat&#8220; hover_enabled=&#8220;0&#8243; use_border_color=&#8220;off&#8220; border_color=&#8220;#ffffff&#8220; border_style=&#8220;solid&#8220; global_colors_info=&#8220;{}&#8220; sticky_enabled=&#8220;0&#8243;]<\/p>\n<p><strong><i><em><span>Pr\u00e4misse<\/span><\/em><\/i><\/strong><\/p>\n<p><span>Lariofiere m\u00f6chte Sie in \u00dcbereinstimmung mit den Bestimmungen des Gesetzesdekrets 196\/2003 und der (EU) Verordnung 2016\/679 des Europ\u00e4ischen Parlaments und des Rates (im Folgenden DSGVO) \u00fcber die Verarbeitung und Weitergabe personenbezogener Daten dar\u00fcber informieren, dass die Verarbeitung personenbezogener Daten Daten werden nach den Grunds\u00e4tzen der Korrektheit, Rechtm\u00e4\u00dfigkeit, Transparenz und Minimierung durchgef\u00fchrt, um die Privatsph\u00e4re und die Rechte der interessierten Parteien zu sch\u00fctzen.<\/span><br \/><span>Lariofiere hat die folgende Offenlegung erstellt.<\/span><\/p>\n<p><strong><i><em><span>1. Datenverantwortlicher<\/span><\/em><\/i><\/strong><\/p>\n<p><span>Der Datenverantwortliche ist:<\/span><\/p>\n<p><span>Lariofiere, Viale Resegone 22036 Erba (CO)<\/span><br \/><span>Tel: 031 6371;<\/span><br \/><span>E-Mail: info@lariofiere.com;<\/span><br \/><span>Pec: lariofiere@legalmail.it;<\/span><\/p>\n<p><span>Der Datenverarbeiter ist der gesetzliche Vertreter in der Person des pro-tempore-Pr\u00e4sidenten.<\/span><\/p>\n<p><span>Verantwortlicher f\u00fcr den Datenschutz ist der Direktor von Lariofiere, mit Sitz in Viale Resegone 22036 Erba (CO), Tel: 031 637406 E-Mail: info@lariofiere.com<\/span><\/p>\n<p><strong><i><em><span>2. Verarbeitete personenbezogene Daten und Zweck der Verarbeitung<\/span><\/em><\/i><\/strong><\/p>\n<p><span>\u201eDaten\u201c sind personenbezogene Daten und Steuerdaten wie: Name, Nachname, Geburtsdatum und -ort, Wohnadresse, telefonische und elektronische Kontaktinformationen, Umsatzsteuer-Identifikationsnummer, Unternehmensqualifikation und ausge\u00fcbte Funktion.\u00a0Alle von Ihnen angegebenen Daten werden ausschlie\u00dflich zu folgenden Zwecken verarbeitet:<\/span><\/p>\n<p><span>a) Erf\u00fcllung buchhalterischer und steuerlicher Pflichten;<\/span><\/p>\n<p><span>b) Kundenverwaltung;<\/span><\/p>\n<p><span>c) Finanzbewegungen;<\/span><\/p>\n<p><span>d) Werbung in Presse, Rundfunk, Fernsehen, Internet und anderen Medien;<\/span><\/p>\n<p><span>e) Verwaltung anderer Aktivit\u00e4ten, die ausdr\u00fccklich oder gesetzlich vorgeschrieben sind;<\/span><\/p>\n<p><span>f) die Nutzung der von Lariofiere angebotenen Dienste zu erm\u00f6glichen;<\/span><\/p>\n<p><span>g) Zur Durchsetzung und\/oder Verteidigung der Rechte von Lariofiere in zivil-, straf- und\/oder verwaltungsrechtlichen Streitigkeiten<\/span><\/p>\n<p><span>h) Direktmarketing: Zum Beispiel k\u00f6nnen Werbe- und kommerzielle Mitteilungen durch das Versenden von Textnachrichten oder anderen Instant-Messaging-Diensten, Kontakt per E-Mail, direkten Telefonkontakt mit einem Operator, Versenden von Material per Post erfolgen.<\/span><\/p>\n<p><span>i) Durchf\u00fchrung von ma\u00dfgeschneiderten Marktforschungen und Umfragen zur Qualit\u00e4tssicherung und zur Verbesserung unserer Produkte und Dienstleistungen.<\/span><\/p>\n<p><span>Das optionale, ausdr\u00fcckliche und freiwillige Versenden von E-Mails an die auf dieser Website angegebenen Adressen oder durch Ausf\u00fcllen spezifischer Kontaktformulare beinhaltet die anschlie\u00dfende Erfassung der Adresse des Absenders, die zur Beantwortung von Anfragen erforderlich ist, sowie aller anderen darin eingegebenen personenbezogenen Daten Schreiben.<\/span><\/p>\n<p><span>Es ist jederzeit m\u00f6glich, den Datenverantwortlichen zu bitten, die konkrete Rechtsgrundlage jeder Behandlung zu kl\u00e4ren und insbesondere anzugeben, ob die Behandlung auf dem Gesetz beruht, vertraglich vorgesehen oder f\u00fcr den Abschluss eines Vertrags erforderlich ist.<\/span><\/p>\n<p><strong><i><em><span>3. Verarbeitungsmethoden<\/span><\/em><\/i><\/strong><\/p>\n<p><span>Die Behandlung erfolgt sowohl \u00fcber IT- als auch \u00fcber Papiertools;\u00a0Die Verarbeitung von Daten durch den Einsatz von IT-Tools kann sowohl manuell als auch durch automatisierte Verfahren zur Speicherung, Verarbeitung und \u00dcbermittlung erfolgen und erfolgt durch geeignete technische und organisatorische Ma\u00dfnahmen unter Ber\u00fccksichtigung des Stands der Technik und der Implementierungskosten , um unter anderem die Sicherheit, Vertraulichkeit, Integrit\u00e4t, Verf\u00fcgbarkeit und Belastbarkeit von Systemen und Diensten zu gew\u00e4hrleisten und das Risiko von Verlust, Zerst\u00f6rung, unbefugtem Zugriff oder Offenlegung oder in jedem Fall illegaler Nutzung sowie durch angemessene Ma\u00dfnahmen zu vermeiden Daten, die in Bezug auf die Zwecke, f\u00fcr die sie verarbeitet werden, unrichtig sind, unverz\u00fcglich zu l\u00f6schen oder zu berichtigen.<\/span><\/p>\n<p><span>Es werden spezielle Sicherheitsma\u00dfnahmen eingehalten, um Datenverlust, illegale oder falsche Verwendung und unbefugten Zugriff zu verhindern.<\/span><\/p>\n<p><strong><i><em><span>4. Zustimmung<\/span><\/em><\/i><\/strong><\/p>\n<p><span>Obwohl die Bereitstellung von Daten gem\u00e4\u00df den geltenden Rechtsvorschriften freiwillig ist, wird jede Verweigerung den Erhalt von Vorteilen (wie z. B. Rabatte auf Eintrittskarten, Rabatte auf die Gr\u00f6\u00dfe der Ausstellungsfl\u00e4che, Unterst\u00fctzung, Informationsanfragen und weitere Informationen) unm\u00f6glich machen ).\u00a0Die Zustimmung zur Behandlung der Daten gem\u00e4\u00df den Punkten a), b), c), d), e), f), g) und e) der Kunst.\u00a02 dieser Informationen sind daher notwendig und zweckm\u00e4\u00dfig.\u00a0In Bezug auf die Zustimmung zu Direktmarketing-Aktivit\u00e4ten gem\u00e4\u00df Punkt h) der Kunst.\u00a02, in einigen F\u00e4llen ist es obligatorisch, um die Vorteile und Rabatte zu nutzen, die die Institution von Zeit zu Zeit anzubieten beabsichtigt.<\/span><\/p>\n<p><strong><i><em><span>5. Vorratsdatenspeicherung<\/span><\/em><\/i><\/strong><\/p>\n<p><span>Daten, die ausschlie\u00dflich zum Zwecke der ordnungsgem\u00e4\u00dfen Abwicklung von Vertragsverh\u00e4ltnissen verarbeitet werden, werden mitgeteilt an: Verantwortliche f\u00fcr die Verarbeitung;\u00a0Bankinstitute f\u00fcr Einnahmen und Zahlungen;\u00a0Fachleute f\u00fcr die Erf\u00fcllung gesetzlicher Verpflichtungen und f\u00fcr Gutachten und\/oder Beratung in rechtlichen, administrativen und steuerlichen Angelegenheiten;\u00a0Werbeagenturen, Presse, Rundfunk und Fernsehen f\u00fcr die in Art.\u00a02 Buchstabe d).\u00a0Jede weitere Kommunikation erfolgt mit Ihrer ausdr\u00fccklichen Zustimmung.\u00a0Die Daten werden f\u00fcr einen Zeitraum aufbewahrt, der f\u00fcr die Erf\u00fcllung aller Erf\u00fcllungen und Verpflichtungen gem\u00e4\u00df den Gesetzen zu Zivil- und Steuersachen n\u00fctzlich ist, und daher gleich 10 Jahre ab ihrer Erfassung.<\/span><\/p>\n<p><span>Die verarbeiteten Daten zum Thema Direktmarketing im Sinne von Buchstabe h) der Kunst.\u00a02 dieser Informationen werden f\u00fcr einen Zeitraum von 24 Monaten ab ihrer Erfassung aufbewahrt.<\/span><\/p>\n<p><strong><i><em><span>6. Rechte der betroffenen Person (ART. 15-22 der DSGVO)<\/span><\/em><\/i><\/strong><\/p>\n<p><span>Es ist jederzeit m\u00f6glich, sich an das Generalsekretariat oder den Datenverarbeiter zu wenden, um seine Rechte geltend zu machen, wie in Art.\u00a07 Gesetzesdekret\u00a0196\/2003 und durch die Artikel\u00a015-22 der DSGVO.<\/span><\/p>\n<p><span>a) Den Interessenten stehen die in den Artikeln genannten Rechte zu\u00a0von 15 bis 22 der DSGVO, sofern zutreffend.<\/span><\/p>\n<p><span>b) Insbesondere k\u00f6nnen die interessierten Parteien den Datenverantwortlichen um Zugang zu den Daten, Berichtigung unrichtiger Daten, Erg\u00e4nzung unvollst\u00e4ndiger Daten, L\u00f6schung von Daten sowie Einschr\u00e4nkung der Behandlung in den in Art .\u00a018 der DSGVO.<\/span><\/p>\n<p><span>c) Interessenten haben das Recht, der Verarbeitung von Daten, die zur Verfolgung des berechtigten Interesses des Datenverantwortlichen erforderlich sind, jederzeit ganz oder teilweise zu widersprechen.<\/span><\/p>\n<p><span>d) Die interessierten Parteien, im \u00dcbrigen in den F\u00e4llen nach Art.\u00a020 DSGVO f\u00fcr die Aus\u00fcbung des Rechts auf Daten\u00fcbertragbarkeit das Recht, die dem Datenverantwortlichen bereitgestellten Daten in einem strukturierten, allgemein gebr\u00e4uchlichen und automatisch lesbaren Format zu erhalten sowie, sofern technisch machbar, sie an einen anderen Inhaber zu \u00fcbermitteln ohne Hindernisse.<\/span><\/p>\n<p><span>e) Interessenten haben das Recht, die erteilte Einwilligung zu Marketingzwecken jederzeit zu widerrufen sowie der Datenverarbeitung zu diesen Zwecken zu widersprechen.\u00a0Es bleibt dem Interessenten, der es vorzieht, f\u00fcr den oben genannten Zweck ausschlie\u00dflich auf herk\u00f6mmliche Weise kontaktiert zu werden, die M\u00f6glichkeit, seinen Widerspruch nur gegen den Erhalt von Mitteilungen \u00fcber automatisierte Methoden auszudr\u00fccken.<\/span><\/p>\n<p><span>f) Interessierte Parteien haben das Recht, eine Beschwerde bei der zust\u00e4ndigen Aufsichtsbeh\u00f6rde (insbesondere in dem Mitgliedstaat, in dem sie ihren gew\u00f6hnlichen Aufenthalt oder Arbeitsplatz haben, oder in dem Staat, in dem der mutma\u00dfliche Versto\u00df stattgefunden hat) einzureichen.<\/span><\/p>\n<p><span>g) Diese Rechte k\u00f6nnen per Einschreiben an die Adresse Lariofiere, Viale Resegone 22036 Erba (CO), zu H\u00e4nden des Verwaltungssekretariats oder per E-Mail an die Adresse lariofiere@legalmail.it ausge\u00fcbt werden.<\/span><\/p>\n<p><strong><i><em><span>7. Personen, die zur Datenverarbeitung berechtigt sind<\/span><\/em><\/i><\/strong><\/p>\n<p><span>Lariofiere h\u00e4lt den Schutz der Privatsph\u00e4re f\u00fcr von grundlegender Bedeutung und gibt Daten aus diesem Grund nur dann weiter, wenn dies unbedingt erforderlich ist, und nur an diejenigen, die es uns konkret erm\u00f6glichen, einen besseren Service anzubieten.\u00a0Tats\u00e4chlich sind Ihre Daten zug\u00e4nglich f\u00fcr: Mitarbeiter und\/oder Mitarbeiter von Lariofiere, die in ihrer Eigenschaft als Verantwortliche und\/oder interne Datenverarbeiter und\/oder Systemadministratoren zur Erstellung, Wartung und Verbesserung aller Dienste und Angebote von Lariofiere beitragen.<\/span><\/p>\n<p><strong><i><em><span>8. Kategorien von Empf\u00e4ngern, denen die Daten als Eigent\u00fcmer mitgeteilt werden k\u00f6nnten oder die als Manager davon erfahren k\u00f6nnten<\/span><\/em><\/i><\/strong><\/p>\n<p><span>8.1 Die Daten k\u00f6nnen an externe Personen weitergegeben werden, die als Datenverantwortliche t\u00e4tig sind, wie beispielsweise Aufsichts- und Kontrollbeh\u00f6rden und -organe oder andere \u00f6ffentliche oder private Personen, die berechtigt sind, die Daten anzufordern.<\/span><\/p>\n<p><span>8.2 Daten k\u00f6nnen im Namen des Eigent\u00fcmers von externen Subjekten verarbeitet werden, die als Datenverarbeiter benannt wurden und bestimmte Aktivit\u00e4ten im Namen des Eigent\u00fcmers ausf\u00fchren, wie z. B. Buchhaltung, Steuern, Versicherung, Postzustellung, Inkassoverwaltung, Zahlungen und alle anderen damit verbundenen Aktivit\u00e4ten .<\/span><\/p>\n<p><strong><i><em><span>9. Daten\u00fcbertragung au\u00dferhalb der EU<\/span><\/em><\/i><\/strong><\/p>\n<p><span>Lariofiere \u00fcbermittelt keine Daten in Nicht-EU-L\u00e4nder.<\/span><\/p>\n<p><strong><i><em><span>10. Informationen \u00fcber Cookies, Suchmaschinen und Standortdaten<\/span><\/em><\/i><\/strong><\/p>\n<p><i><em><span>10.1 Cookies und \u00e4hnliche Technologien<\/span><\/em><\/i><\/p>\n<p><span>10.1.1 Lariofiere verwendet Cookies, kleine Textdateien, die auf Ihrem Ger\u00e4t gespeichert werden, w\u00e4hrend Sie die Lariofiere-Dienste durchsuchen.\u00a0Cookies k\u00f6nnen dauerhaft auf Ihrem Endger\u00e4t gespeichert werden und eine variable Dauer haben (persistente Cookies), oder sie k\u00f6nnen durch Schlie\u00dfen des Browsers gel\u00f6scht werden oder auch nur eine begrenzte Dauer haben (Session-Cookies).\u00a0Cookies k\u00f6nnen von dieser Website oder von anderen Websites (Cookies von Drittanbietern) installiert werden.<\/span><\/p>\n<p><span>10.1.2 Die Hauptfunktionen der von Lariofiere installierten Cookies sind technischer Natur, sie werden verwendet, um den Service st\u00e4ndig zu verbessern, zu statistischen Zwecken, wie z. B. zum Z\u00e4hlen von Besuchen.<\/span><\/p>\n<p><span>10.1.3 Lariofiere erlaubt die Verwendung von Drittanbieter-Cookies durch\u00a0<\/span><a href=\"http:\/\/www.google.com\/policies\/technologies\/types\/\"><span>Google Analytics<\/span><\/a><span>\u00a0.<\/span><\/p>\n<p><span>Diese Informationen identifizieren Sie nicht pers\u00f6nlich.<\/span><\/p>\n<p><span>Dar\u00fcber hinaus k\u00f6nnen speziell f\u00fcr \u201esoziale Netzwerke\u201c konzipierte Cookies aktiviert werden.\u00a0Sie erm\u00f6glichen dem Nutzer die Interaktion \u00fcber soziale Netzwerke (Share-Funktion auf\u00a0<\/span><a href=\"https:\/\/it-it.facebook.com\/privacy\/explanation\"><span>Facebook<\/span><\/a><span>\u00a0und\u00a0<\/span><a href=\"https:\/\/twitter.com\/privacy?lang=it\"><span>Twitter<\/span><\/a><span>\u00a0).\u00a0Wenn eine Seite diesen Befehl enth\u00e4lt, wird eine direkte Verbindung mit dem ausgew\u00e4hlten sozialen Netzwerk hergestellt.<\/span><\/p>\n<p><span>10.1.4 Cookies k\u00f6nnen vom Browser \u00fcber die entsprechende Funktion der meisten Navigationsprogramme vollst\u00e4ndig deaktiviert werden.\u00a0Es ist jedoch gut zu wissen, dass durch das Deaktivieren von Cookies einige Funktionen der Website m\u00f6glicherweise nicht nutzbar sind.<\/span><\/p>\n<p><strong><i><em><span>11. Einverst\u00e4ndniserkl\u00e4rung des Interessenten<\/span><\/em><\/i><\/strong><\/p>\n<p><span>Nachdem ich die obigen Datenschutzinformationen gelesen habe und mir bewusst ist, dass meine Zustimmung rein optional und jederzeit widerruflich ist, dr\u00fccke ich durch Ankreuzen des K\u00e4stchens \u201eIch stimme zu\u201c meine Zustimmung zur Verarbeitung meiner Daten f\u00fcr alle in Artikel genannten Zwecke aus 2 und in der in diesem Dokument festgelegten Weise.<\/span><\/p>\n<p><strong><i><em><span>12. \u00c4nderungen<\/span><\/em><\/i><\/strong><\/p>\n<p><span>Diese Informationen k\u00f6nnen \u00c4nderungen unterliegen.\u00a0Werden wesentliche \u00c4nderungen in der Verwendung von Daten des Nutzers durch Lariofiere vorgenommen, wird Lariofiere den Nutzer darauf hinweisen, indem sie diese so deutlich wie m\u00f6glich auf ihren Seiten ver\u00f6ffentlicht.<\/span><\/p>\n<p>[\/et_pb_text][\/et_pb_column][\/et_pb_row][\/et_pb_section]<\/p>\n","protected":false},"excerpt":{"rendered":"<p>Pr\u00e4misse Lariofiere m\u00f6chte Sie in \u00dcbereinstimmung mit den Bestimmungen des Gesetzesdekrets 196\/2003 und der (EU) Verordnung 2016\/679 des Europ\u00e4ischen Parlaments und des Rates (im Folgenden DSGVO) \u00fcber die Verarbeitung und Weitergabe personenbezogener Daten dar\u00fcber informieren, dass die Verarbeitung personenbezogener Daten Daten werden nach den Grunds\u00e4tzen der Korrektheit, Rechtm\u00e4\u00dfigkeit, Transparenz und Minimierung durchgef\u00fchrt, um die Privatsph\u00e4re [&hellip;]<\/p>\n","protected":false},"author":1,"featured_media":0,"parent":0,"menu_order":0,"comment_status":"closed","ping_status":"closed","template":"","meta":{"_et_pb_use_builder":"on","_et_pb_old_content":"","_et_gb_content_width":"","footnotes":""},"class_list":["post-2229","page","type-page","status-publish","hentry"],"yoast_head":"<!-- This site is optimized with the Yoast SEO plugin v23.5 - https:\/\/yoast.com\/wordpress\/plugins\/seo\/ -->\n<title>Datenschutz &amp; Cookies - Lake Como Green Land<\/title>\n<meta name=\"robots\" content=\"index, follow, max-snippet:-1, max-image-preview:large, max-video-preview:-1\" \/>\n<link rel=\"canonical\" href=\"https:\/\/www.lakecomogreenlands.com\/de\/datenschutz-cookies\/\" \/>\n<meta property=\"og:locale\" content=\"de_DE\" \/>\n<meta property=\"og:type\" content=\"article\" \/>\n<meta property=\"og:title\" content=\"Datenschutz &amp; Cookies - Lake Como Green Land\" \/>\n<meta property=\"og:description\" content=\"Pr\u00e4misse Lariofiere m\u00f6chte Sie in \u00dcbereinstimmung mit den Bestimmungen des Gesetzesdekrets 196\/2003 und der (EU) Verordnung 2016\/679 des Europ\u00e4ischen Parlaments und des Rates (im Folgenden DSGVO) \u00fcber die Verarbeitung und Weitergabe personenbezogener Daten dar\u00fcber informieren, dass die Verarbeitung personenbezogener Daten Daten werden nach den Grunds\u00e4tzen der Korrektheit, Rechtm\u00e4\u00dfigkeit, Transparenz und Minimierung durchgef\u00fchrt, um die Privatsph\u00e4re [&hellip;]\" \/>\n<meta property=\"og:url\" content=\"https:\/\/www.lakecomogreenlands.com\/de\/datenschutz-cookies\/\" \/>\n<meta property=\"og:site_name\" content=\"Lake Como Green Land\" \/>\n<meta property=\"article:publisher\" content=\"https:\/\/www.facebook.com\/Lake-Como-Expo-Green-Lands-1229961333680893\/?fref=ts\" \/>\n<meta property=\"article:modified_time\" content=\"2022-12-15T11:25:25+00:00\" \/>\n<meta name=\"twitter:card\" content=\"summary_large_image\" \/>\n<meta name=\"twitter:label1\" content=\"Gesch\u00e4tzte Lesezeit\" \/>\n\t<meta name=\"twitter:data1\" content=\"8\u00a0Minuten\" \/>\n<script type=\"application\/ld+json\" class=\"yoast-schema-graph\">{\"@context\":\"https:\/\/schema.org\",\"@graph\":[{\"@type\":\"WebPage\",\"@id\":\"https:\/\/www.lakecomogreenlands.com\/de\/datenschutz-cookies\/\",\"url\":\"https:\/\/www.lakecomogreenlands.com\/de\/datenschutz-cookies\/\",\"name\":\"Datenschutz & Cookies - Lake Como Green Land\",\"isPartOf\":{\"@id\":\"https:\/\/www.lakecomogreenlands.com\/de\/#website\"},\"datePublished\":\"2017-07-04T10:37:46+00:00\",\"dateModified\":\"2022-12-15T11:25:25+00:00\",\"breadcrumb\":{\"@id\":\"https:\/\/www.lakecomogreenlands.com\/de\/datenschutz-cookies\/#breadcrumb\"},\"inLanguage\":\"de\",\"potentialAction\":[{\"@type\":\"ReadAction\",\"target\":[\"https:\/\/www.lakecomogreenlands.com\/de\/datenschutz-cookies\/\"]}]},{\"@type\":\"BreadcrumbList\",\"@id\":\"https:\/\/www.lakecomogreenlands.com\/de\/datenschutz-cookies\/#breadcrumb\",\"itemListElement\":[{\"@type\":\"ListItem\",\"position\":1,\"name\":\"Home\",\"item\":\"https:\/\/www.lakecomogreenlands.com\/de\/\"},{\"@type\":\"ListItem\",\"position\":2,\"name\":\"Datenschutz &#038; Cookies\"}]},{\"@type\":\"WebSite\",\"@id\":\"https:\/\/www.lakecomogreenlands.com\/de\/#website\",\"url\":\"https:\/\/www.lakecomogreenlands.com\/de\/\",\"name\":\"Lake Como Green Land\",\"description\":\"Lake Como Green Land\",\"publisher\":{\"@id\":\"https:\/\/www.lakecomogreenlands.com\/de\/#organization\"},\"potentialAction\":[{\"@type\":\"SearchAction\",\"target\":{\"@type\":\"EntryPoint\",\"urlTemplate\":\"https:\/\/www.lakecomogreenlands.com\/de\/?s={search_term_string}\"},\"query-input\":{\"@type\":\"PropertyValueSpecification\",\"valueRequired\":true,\"valueName\":\"search_term_string\"}}],\"inLanguage\":\"de\"},{\"@type\":\"Organization\",\"@id\":\"https:\/\/www.lakecomogreenlands.com\/de\/#organization\",\"name\":\"Lariofiere\",\"url\":\"https:\/\/www.lakecomogreenlands.com\/de\/\",\"logo\":{\"@type\":\"ImageObject\",\"inLanguage\":\"de\",\"@id\":\"https:\/\/www.lakecomogreenlands.com\/de\/#\/schema\/logo\/image\/\",\"url\":\"https:\/\/www.lakecomogreenlands.com\/wp-content\/uploads\/2018\/07\/Logo-LARIOFIERE-COMO-LECCO-Blu.png\",\"contentUrl\":\"https:\/\/www.lakecomogreenlands.com\/wp-content\/uploads\/2018\/07\/Logo-LARIOFIERE-COMO-LECCO-Blu.png\",\"width\":200,\"height\":59,\"caption\":\"Lariofiere\"},\"image\":{\"@id\":\"https:\/\/www.lakecomogreenlands.com\/de\/#\/schema\/logo\/image\/\"},\"sameAs\":[\"https:\/\/www.facebook.com\/Lake-Como-Expo-Green-Lands-1229961333680893\/?fref=ts\",\"https:\/\/www.instagram.com\/lakecomogreenland\/\"]}]}<\/script>\n<!-- \/ Yoast SEO plugin. -->","yoast_head_json":{"title":"Datenschutz & Cookies - Lake Como Green Land","robots":{"index":"index","follow":"follow","max-snippet":"max-snippet:-1","max-image-preview":"max-image-preview:large","max-video-preview":"max-video-preview:-1"},"canonical":"https:\/\/www.lakecomogreenlands.com\/de\/datenschutz-cookies\/","og_locale":"de_DE","og_type":"article","og_title":"Datenschutz & Cookies - Lake Como Green Land","og_description":"Pr\u00e4misse Lariofiere m\u00f6chte Sie in \u00dcbereinstimmung mit den Bestimmungen des Gesetzesdekrets 196\/2003 und der (EU) Verordnung 2016\/679 des Europ\u00e4ischen Parlaments und des Rates (im Folgenden DSGVO) \u00fcber die Verarbeitung und Weitergabe personenbezogener Daten dar\u00fcber informieren, dass die Verarbeitung personenbezogener Daten Daten werden nach den Grunds\u00e4tzen der Korrektheit, Rechtm\u00e4\u00dfigkeit, Transparenz und Minimierung durchgef\u00fchrt, um die Privatsph\u00e4re [&hellip;]","og_url":"https:\/\/www.lakecomogreenlands.com\/de\/datenschutz-cookies\/","og_site_name":"Lake Como Green Land","article_publisher":"https:\/\/www.facebook.com\/Lake-Como-Expo-Green-Lands-1229961333680893\/?fref=ts","article_modified_time":"2022-12-15T11:25:25+00:00","twitter_card":"summary_large_image","twitter_misc":{"Gesch\u00e4tzte Lesezeit":"8\u00a0Minuten"},"schema":{"@context":"https:\/\/schema.org","@graph":[{"@type":"WebPage","@id":"https:\/\/www.lakecomogreenlands.com\/de\/datenschutz-cookies\/","url":"https:\/\/www.lakecomogreenlands.com\/de\/datenschutz-cookies\/","name":"Datenschutz & Cookies - Lake Como Green Land","isPartOf":{"@id":"https:\/\/www.lakecomogreenlands.com\/de\/#website"},"datePublished":"2017-07-04T10:37:46+00:00","dateModified":"2022-12-15T11:25:25+00:00","breadcrumb":{"@id":"https:\/\/www.lakecomogreenlands.com\/de\/datenschutz-cookies\/#breadcrumb"},"inLanguage":"de","potentialAction":[{"@type":"ReadAction","target":["https:\/\/www.lakecomogreenlands.com\/de\/datenschutz-cookies\/"]}]},{"@type":"BreadcrumbList","@id":"https:\/\/www.lakecomogreenlands.com\/de\/datenschutz-cookies\/#breadcrumb","itemListElement":[{"@type":"ListItem","position":1,"name":"Home","item":"https:\/\/www.lakecomogreenlands.com\/de\/"},{"@type":"ListItem","position":2,"name":"Datenschutz &#038; Cookies"}]},{"@type":"WebSite","@id":"https:\/\/www.lakecomogreenlands.com\/de\/#website","url":"https:\/\/www.lakecomogreenlands.com\/de\/","name":"Lake Como Green Land","description":"Lake Como Green Land","publisher":{"@id":"https:\/\/www.lakecomogreenlands.com\/de\/#organization"},"potentialAction":[{"@type":"SearchAction","target":{"@type":"EntryPoint","urlTemplate":"https:\/\/www.lakecomogreenlands.com\/de\/?s={search_term_string}"},"query-input":{"@type":"PropertyValueSpecification","valueRequired":true,"valueName":"search_term_string"}}],"inLanguage":"de"},{"@type":"Organization","@id":"https:\/\/www.lakecomogreenlands.com\/de\/#organization","name":"Lariofiere","url":"https:\/\/www.lakecomogreenlands.com\/de\/","logo":{"@type":"ImageObject","inLanguage":"de","@id":"https:\/\/www.lakecomogreenlands.com\/de\/#\/schema\/logo\/image\/","url":"https:\/\/www.lakecomogreenlands.com\/wp-content\/uploads\/2018\/07\/Logo-LARIOFIERE-COMO-LECCO-Blu.png","contentUrl":"https:\/\/www.lakecomogreenlands.com\/wp-content\/uploads\/2018\/07\/Logo-LARIOFIERE-COMO-LECCO-Blu.png","width":200,"height":59,"caption":"Lariofiere"},"image":{"@id":"https:\/\/www.lakecomogreenlands.com\/de\/#\/schema\/logo\/image\/"},"sameAs":["https:\/\/www.facebook.com\/Lake-Como-Expo-Green-Lands-1229961333680893\/?fref=ts","https:\/\/www.instagram.com\/lakecomogreenland\/"]}]}},"_links":{"self":[{"href":"https:\/\/www.lakecomogreenlands.com\/de\/wp-json\/wp\/v2\/pages\/2229"}],"collection":[{"href":"https:\/\/www.lakecomogreenlands.com\/de\/wp-json\/wp\/v2\/pages"}],"about":[{"href":"https:\/\/www.lakecomogreenlands.com\/de\/wp-json\/wp\/v2\/types\/page"}],"author":[{"embeddable":true,"href":"https:\/\/www.lakecomogreenlands.com\/de\/wp-json\/wp\/v2\/users\/1"}],"replies":[{"embeddable":true,"href":"https:\/\/www.lakecomogreenlands.com\/de\/wp-json\/wp\/v2\/comments?post=2229"}],"version-history":[{"count":3,"href":"https:\/\/www.lakecomogreenlands.com\/de\/wp-json\/wp\/v2\/pages\/2229\/revisions"}],"predecessor-version":[{"id":2238,"href":"https:\/\/www.lakecomogreenlands.com\/de\/wp-json\/wp\/v2\/pages\/2229\/revisions\/2238"}],"wp:attachment":[{"href":"https:\/\/www.lakecomogreenlands.com\/de\/wp-json\/wp\/v2\/media?parent=2229"}],"curies":[{"name":"wp","href":"https:\/\/api.w.org\/{rel}","templated":true}]}}