{"id":2226,"date":"2017-07-04T12:37:46","date_gmt":"2017-07-04T10:37:46","guid":{"rendered":"https:\/\/www.lakecomogreenlands.com\/confidentialite-et-cookies\/"},"modified":"2022-12-15T13:26:43","modified_gmt":"2022-12-15T11:26:43","slug":"confidentialite-et-cookies","status":"publish","type":"page","link":"https:\/\/www.lakecomogreenlands.com\/fr\/confidentialite-et-cookies\/","title":{"rendered":"Confidentialit\u00e9 et cookies"},"content":{"rendered":"<p>[et_pb_section fb_built=\u00a0\u00bb1&Prime; admin_label=\u00a0\u00bbsection\u00a0\u00bb _builder_version=\u00a0\u00bb4.16&Prime; global_colors_info=\u00a0\u00bb{}\u00a0\u00bb][et_pb_row admin_label=\u00a0\u00bbrow\u00a0\u00bb _builder_version=\u00a0\u00bb4.16&Prime; background_size=\u00a0\u00bbinitial\u00a0\u00bb background_position=\u00a0\u00bbtop_left\u00a0\u00bb background_repeat=\u00a0\u00bbrepeat\u00a0\u00bb global_colors_info=\u00a0\u00bb{}\u00a0\u00bb][et_pb_column type=\u00a0\u00bb4_4&Prime; _builder_version=\u00a0\u00bb4.16&Prime; custom_padding=\u00a0\u00bb|||\u00a0\u00bb global_colors_info=\u00a0\u00bb{}\u00a0\u00bb custom_padding__hover=\u00a0\u00bb|||\u00a0\u00bb][et_pb_text admin_label=\u00a0\u00bbTesto\u00a0\u00bb _builder_version=\u00a0\u00bb4.17.6&Prime; background_size=\u00a0\u00bbinitial\u00a0\u00bb background_position=\u00a0\u00bbtop_left\u00a0\u00bb background_repeat=\u00a0\u00bbrepeat\u00a0\u00bb hover_enabled=\u00a0\u00bb0&Prime; use_border_color=\u00a0\u00bboff\u00a0\u00bb border_color=\u00a0\u00bb#ffffff\u00a0\u00bb border_style=\u00a0\u00bbsolid\u00a0\u00bb global_colors_info=\u00a0\u00bb{}\u00a0\u00bb sticky_enabled=\u00a0\u00bb0&Prime;]<\/p>\n<p><strong>Pr\u00e9misse<\/strong><br \/>Lariofiere, conform\u00e9ment aux dispositions du d\u00e9cret l\u00e9gislatif 196\/2003 et du r\u00e8glement (UE) 2016\/679 du Parlement europ\u00e9en et du Conseil (ci-apr\u00e8s GDPR) concernant le traitement et la circulation des donn\u00e9es personnelles souhaite vous informer que le traitement des donn\u00e9es personnelles les donn\u00e9es seront trait\u00e9es selon les principes d&rsquo;exactitude, de lic\u00e9it\u00e9, de transparence et de minimisation pour prot\u00e9ger la vie priv\u00e9e et les droits des parties int\u00e9ress\u00e9es.<br \/>Lariofiere a pr\u00e9par\u00e9 la divulgation suivante.<\/p>\n<p><strong>1. Responsable du traitement des donn\u00e9es<\/strong><\/p>\n<p>Le responsable du traitement est\u00a0:<\/p>\n<p>Lariofi\u00e8re, Viale Resegone 22036 Erba (CO)<br \/>T\u00e9l : 031 6371 ;<br \/>Courriel : info@lariofiere.com ;<br \/>Pec : lariofiere@legalmail.it ;<\/p>\n<p>Le responsable du traitement des donn\u00e9es est le Repr\u00e9sentant l\u00e9gal en la personne du Pr\u00e9sident pro tempore.<\/p>\n<p>Le responsable de la protection des donn\u00e9es est le directeur de Lariofiere, dont le si\u00e8ge est situ\u00e9 Viale Resegone 22036 Erba (CO), t\u00e9l. : 031 637406 E-mail : info@lariofiere.com<\/p>\n<p><strong>2. Donn\u00e9es personnelles trait\u00e9es et finalit\u00e9 du traitement<\/strong><\/p>\n<p>\u00ab\u00a0Donn\u00e9es\u00a0\u00bb d\u00e9signe les donn\u00e9es personnelles et les donn\u00e9es fiscales telles que\u00a0: nom, pr\u00e9nom, date et lieu de naissance, adresse r\u00e9sidentielle, coordonn\u00e9es t\u00e9l\u00e9phoniques et \u00e9lectroniques, num\u00e9ro de TVA, qualification de l&rsquo;entreprise et fonction occup\u00e9e. Toutes les Donn\u00e9es que vous fournissez seront trait\u00e9es exclusivement aux fins suivantes :<\/p>\n<p>a) Ex\u00e9cution des obligations comptables et fiscales\u00a0;<\/p>\n<p>b) Gestion des clients\u00a0;<\/p>\n<p>c) Mouvements Financiers ;<\/p>\n<p>d) Publicit\u00e9 dans la presse, radio, t\u00e9l\u00e9vision, internet et autres moyens ;<\/p>\n<p>e) Gestion d&rsquo;autres activit\u00e9s qui peuvent \u00eatre express\u00e9ment requises ou requises par la loi\u00a0;<\/p>\n<p>f) Permettre l&rsquo;utilisation des services offerts par Lariofiere\u00a0;<\/p>\n<p>g) Pour faire respecter et\/ou d\u00e9fendre les droits de Lariofiere dans les litiges civils, p\u00e9naux et\/ou administratifs<\/p>\n<p>h) Marketing direct\u00a0: \u00e0 titre d&rsquo;exemple, les communications promotionnelles et commerciales peuvent se faire par l&rsquo;envoi de SMS ou d&rsquo;autres services de messagerie instantan\u00e9e, le contact par e-mail, le contact t\u00e9l\u00e9phonique direct avec un op\u00e9rateur, l&rsquo;envoi de mat\u00e9riel par la poste.<\/p>\n<p>i) Mener des \u00e9tudes de march\u00e9 et des enqu\u00eates personnalis\u00e9es \u00e0 des fins d&rsquo;assurance qualit\u00e9 et pour am\u00e9liorer nos produits et services.<\/p>\n<p>L&rsquo;envoi facultatif, explicite et volontaire d&rsquo;e-mails aux adresses indiqu\u00e9es sur ce site ou en remplissant des formulaires de contact sp\u00e9cifiques, implique l&rsquo;acquisition ult\u00e9rieure de l&rsquo;adresse de l&rsquo;exp\u00e9diteur, n\u00e9cessaire pour r\u00e9pondre aux demandes, ainsi que de toute autre donn\u00e9e personnelle saisie dans le missive.<\/p>\n<p>Il est toujours possible de demander au responsable du traitement de clarifier la base juridique concr\u00e8te de chaque traitement et notamment de pr\u00e9ciser si le traitement est fond\u00e9 sur la loi, pr\u00e9vu par un contrat ou n\u00e9cessaire pour conclure un contrat.<\/p>\n<p><strong>3. M\u00e9thodes de traitement<\/strong><\/p>\n<p>Le traitement sera effectu\u00e9 \u00e0 la fois par des outils informatiques et papier; le traitement des donn\u00e9es par l&rsquo;utilisation d&rsquo;outils informatiques peut \u00eatre effectu\u00e9 \u00e0 la fois manuellement et par des m\u00e9thodes automatis\u00e9es con\u00e7ues pour les m\u00e9moriser, les traiter et les transmettre et sera effectu\u00e9 par des mesures techniques et organisationnelles appropri\u00e9es, en tenant compte de l&rsquo;\u00e9tat de la technique et des co\u00fbts de mise en \u0153uvre , pour garantir, entre autres, la s\u00e9curit\u00e9, la confidentialit\u00e9, l&rsquo;int\u00e9grit\u00e9, la disponibilit\u00e9 et la r\u00e9silience des syst\u00e8mes et des services, en \u00e9vitant les risques de perte, de destruction, d&rsquo;acc\u00e8s ou de divulgation non autoris\u00e9s ou, en tout cas, d&rsquo;utilisation illicite, ainsi que par des mesures raisonnables d&rsquo;effacer ou de rectifier rapidement les Donn\u00e9es inexactes au regard des finalit\u00e9s pour lesquelles elles sont trait\u00e9es.<\/p>\n<p>Des mesures de s\u00e9curit\u00e9 sp\u00e9cifiques sont observ\u00e9es pour pr\u00e9venir la perte de donn\u00e9es, l&rsquo;utilisation illicite ou incorrecte et l&rsquo;acc\u00e8s non autoris\u00e9.<\/p>\n<p><strong>4. Consentement<\/strong><\/p>\n<p>Bien que selon les dispositions de la l\u00e9gislation en vigueur, la fourniture des donn\u00e9es soit facultative, tout refus entra\u00eenera en effet l&rsquo;impossibilit\u00e9 d&rsquo;obtenir des avantages (tels que des r\u00e9ductions sur les billets d&rsquo;entr\u00e9e, des r\u00e9ductions sur le montant de l&rsquo;espace d&rsquo;exposition, une assistance, des demandes d&rsquo;informations et informations compl\u00e9mentaires). Le consentement au traitement des donn\u00e9es vis\u00e9 aux points a), b), c), d), e), f), g) et i) de l&rsquo;art. 2 de ces informations sont donc n\u00e9cessaires et fonctionnelles. En ce qui concerne le consentement aux activit\u00e9s de Marketing Direct telles que d\u00e9finies au point h) de l&rsquo;art. 2, \u00e0 certaines occasions, il est obligatoire pour profiter des avantages et des remises que l&rsquo;institution a l&rsquo;intention d&rsquo;offrir de temps \u00e0 autre. Les services seront dans tous les cas utilisables mais le fait de ne pas autoriser le traitement des donn\u00e9es \u00e0 cette fin entra\u00eenera la perte des avantages.<\/p>\n<p><strong>5. Conservation des donn\u00e9es<\/strong><\/p>\n<p>Les donn\u00e9es trait\u00e9es exclusivement dans le but d&rsquo;une gestion correcte des relations contractuelles seront communiqu\u00e9es aux : Responsables du traitement ; Institutions bancaires pour les encaissements et les paiements\u00a0; Professionnels pour l&rsquo;accomplissement des obligations l\u00e9gales et pour avis et\/ou conseils en mati\u00e8re juridique, administrative et fiscale\u00a0; Agences de publicit\u00e9, presse, radio et t\u00e9l\u00e9vision aux fins vis\u00e9es \u00e0 l&rsquo;art. 2 lettre d). Toute autre communication aura lieu avec votre consentement explicite. Les Donn\u00e9es seront conserv\u00e9es pendant une dur\u00e9e utile \u00e0 l&rsquo;accomplissement de toutes les accomplissements et obligations \u00e9tablis par la l\u00e9gislation en mati\u00e8re civile et fiscale et donc \u00e9gale \u00e0 10 ans \u00e0 compter de leur acquisition.<\/p>\n<p>Les Donn\u00e9es trait\u00e9es en mati\u00e8re de Marketing Direct telles que d\u00e9finies \u00e0 la lettre h) de l&rsquo;art. 2 de ces informations seront conserv\u00e9es pendant une dur\u00e9e de 24 mois \u00e0 compter de leur acquisition.<\/p>\n<p><strong>6. Droits de l&rsquo;int\u00e9ress\u00e9 (ART. 15-22 du RGPD)<\/strong><\/p>\n<p>A tout moment, il est possible de contacter le Secr\u00e9tariat g\u00e9n\u00e9ral ou le responsable du traitement pour faire valoir ses droits, comme le pr\u00e9voit l&rsquo;art. 7 d\u00e9cret l\u00e9gislatif 196\/2003 et par les articles 15-22 du RGPD.<\/p>\n<p>a) Les int\u00e9ress\u00e9s b\u00e9n\u00e9ficient des droits vis\u00e9s aux articles de 15 \u00e0 22 du RGPD, le cas \u00e9ch\u00e9ant.<\/p>\n<p>b) En particulier, les parties int\u00e9ress\u00e9es peuvent demander au responsable du traitement l&rsquo;acc\u00e8s aux donn\u00e9es, la rectification de donn\u00e9es inexactes, l&rsquo;int\u00e9gration de donn\u00e9es incompl\u00e8tes, l&rsquo;annulation de donn\u00e9es, ainsi que la limitation du traitement dans les cas pr\u00e9vus par l&rsquo;art. . 18 du RGPD.<\/p>\n<p>c) Les parties int\u00e9ress\u00e9es ont le droit de s&rsquo;opposer \u00e0 tout moment, en tout ou en partie, au traitement des donn\u00e9es n\u00e9cessaires \u00e0 la poursuite de l&rsquo;int\u00e9r\u00eat l\u00e9gitime du responsable du traitement.<\/p>\n<p>d) Les int\u00e9ress\u00e9s, en outre, dans les cas pr\u00e9vus par l&rsquo;art. 20 du GDPR pour l&rsquo;exercice du droit \u00e0 la portabilit\u00e9, ont le droit de recevoir les donn\u00e9es fournies au responsable du traitement dans un format structur\u00e9, couramment utilis\u00e9 et lisible par un dispositif automatique, ainsi que, si cela est techniquement possible, de les transmettre \u00e0 un autre titulaire sans emp\u00eachements.<\/p>\n<p>e) Les parties int\u00e9ress\u00e9es ont le droit de r\u00e9voquer \u00e0 tout moment le consentement donn\u00e9 \u00e0 des fins de marketing, ainsi que de s&rsquo;opposer au traitement des donn\u00e9es \u00e0 ces fins. La possibilit\u00e9 reste pour l&rsquo;int\u00e9ress\u00e9 qui pr\u00e9f\u00e8re \u00eatre contact\u00e9 aux fins susmentionn\u00e9es exclusivement par des moyens traditionnels, d&rsquo;exprimer son opposition uniquement \u00e0 la r\u00e9ception de communications par des moyens automatis\u00e9s.<\/p>\n<p>f) Les parties int\u00e9ress\u00e9es ont le droit de d\u00e9poser une plainte aupr\u00e8s de l&rsquo;autorit\u00e9 de surveillance comp\u00e9tente (en particulier dans l&rsquo;\u00c9tat membre dans lequel elles r\u00e9sident ou travaillent habituellement ou dans l&rsquo;\u00c9tat dans lequel l&rsquo;infraction all\u00e9gu\u00e9e s&rsquo;est produite).<\/p>\n<p>g) Ces droits peuvent \u00eatre exerc\u00e9s par courrier recommand\u00e9 \u00e0 l&rsquo;adresse Lariofiere, viale Resegone 22036 Erba (CO), \u00e0 l&rsquo;aimable attention du Secr\u00e9tariat de gestion ou par e-mail \u00e0 l&rsquo;adresse lariofiere@legalmail.it.<\/p>\n<p><strong>7. Sujets autoris\u00e9s \u00e0 traiter les donn\u00e9es<\/strong><\/p>\n<p>Lariofiere consid\u00e8re que la protection de la vie priv\u00e9e est d&rsquo;une importance fondamentale et pour cette raison, elle ne partage les donn\u00e9es que lorsque cela est strictement n\u00e9cessaire et uniquement avec ceux qui nous permettent concr\u00e8tement d&rsquo;offrir un meilleur service. En effet, vos donn\u00e9es sont accessibles aux : employ\u00e9s et\/ou collaborateurs de Lariofiere qui contribuent \u00e0 cr\u00e9er, maintenir et am\u00e9liorer l&rsquo;ensemble des services et offres de Lariofiere en leur qualit\u00e9 de responsables et\/ou de sous-traitants internes et\/ou d&rsquo;administrateurs syst\u00e8me.<\/p>\n<p><strong>8. Cat\u00e9gories de destinataires auxquels les Donn\u00e9es pourraient \u00eatre communiqu\u00e9es en tant que propri\u00e9taires ou qui pourraient en prendre connaissance en tant que responsables<\/strong><\/p>\n<p>8.1 Les Donn\u00e9es peuvent \u00eatre communiqu\u00e9es \u00e0 des sujets externes agissant en tant que responsables du traitement, tels que, par exemple, des autorit\u00e9s et organismes de surveillance et de contr\u00f4le ou d&rsquo;autres sujets publics ou priv\u00e9s, habilit\u00e9s \u00e0 demander les Donn\u00e9es.<\/p>\n<p>8.2 Les donn\u00e9es peuvent \u00eatre trait\u00e9es, au nom du propri\u00e9taire, par des sujets externes d\u00e9sign\u00e9s comme sous-traitants qui effectuent des activit\u00e9s sp\u00e9cifiques au nom du propri\u00e9taire, telles que la comptabilit\u00e9, les imp\u00f4ts, les assurances, la distribution du courrier, la gestion de la collecte, les paiements et toutes autres activit\u00e9s connexes. .<\/p>\n<p><strong>9. Transfert de donn\u00e9es hors UE<\/strong><\/p>\n<p>Lariofiere ne transf\u00e8re pas de Donn\u00e9es vers des pays hors UE.<\/p>\n<p><strong>10. Informations sur les cookies, les moteurs de recherche et les donn\u00e9es de localisation<\/strong><\/p>\n<p>10.1 Cookies et technologies similaires<\/p>\n<p>10.1.1 Lariofiere utilise des cookies, de petits fichiers texte qui sont stock\u00e9s sur votre appareil lors de la navigation sur les Services Lariofiere. Les cookies peuvent \u00eatre stock\u00e9s de mani\u00e8re permanente sur votre appareil et avoir une dur\u00e9e variable (cookies persistants), ou ils peuvent \u00eatre supprim\u00e9s en fermant le navigateur ou encore avoir une dur\u00e9e limit\u00e9e (cookies de session). Des cookies peuvent \u00eatre install\u00e9s par ce site ou peuvent \u00eatre install\u00e9s par d&rsquo;autres sites Web (cookies tiers).<\/p>\n<p>10.1.2 Les principales fonctions des cookies install\u00e9s par Lariofiere sont techniques, ils servent \u00e0 am\u00e9liorer constamment le Service, \u00e0 des fins statistiques, comme le comptage des visites.<\/p>\n<p>10.1.3 Lariofiere autorise l&rsquo;utilisation de cookies tiers par Google Analytics.<\/p>\n<p>Ces informations ne vous identifient pas personnellement.<\/p>\n<p>Par ailleurs, des cookies sp\u00e9cialement con\u00e7us pour les \u00ab r\u00e9seaux sociaux \u00bb peuvent \u00eatre activ\u00e9s. Ils permettent \u00e0 l&rsquo;utilisateur d&rsquo;interagir via les r\u00e9seaux sociaux (fonction de partage sur <a href=\"https:\/\/it-it.facebook.com\/privacy\/explanation\">Facebook<\/a> et <a href=\"https:\/\/twitter.com\/privacy?lang=it\">Twitter<\/a>). Lorsqu&rsquo;une page contient cette commande, un lien direct est \u00e9tabli avec le r\u00e9seau social s\u00e9lectionn\u00e9.<\/p>\n<p>10.1.4 Les cookies peuvent \u00eatre compl\u00e8tement d\u00e9sactiv\u00e9s du navigateur en utilisant la fonction appropri\u00e9e fournie dans la plupart des programmes de navigation. Cependant, il est bon de savoir qu&rsquo;en d\u00e9sactivant les cookies certaines fonctionnalit\u00e9s du site peuvent ne pas \u00eatre utilisables.<\/p>\n<p><strong>11. D\u00e9claration de consentement de l&rsquo;int\u00e9ress\u00e9<\/strong><\/p>\n<p>Apr\u00e8s avoir lu les informations de confidentialit\u00e9 ci-dessus, conscient que mon consentement est purement facultatif, ainsi que r\u00e9vocable \u00e0 tout moment, j&rsquo;exprime, en cochant la case \u00ab\u00a0J&rsquo;accepte\u00a0\u00bb, mon consentement au traitement de mes donn\u00e9es pour toutes les finalit\u00e9s \u00e9tablies \u00e0 l&rsquo;article 2 et de la mani\u00e8re \u00e9tablie dans ce document.<\/p>\n<p><strong>12. Modifications<\/strong><\/p>\n<p>Ces informations peuvent \u00eatre sujettes \u00e0 modifications. Si des modifications substantielles sont apport\u00e9es \u00e0 l&rsquo;utilisation des donn\u00e9es relatives \u00e0 l&rsquo;utilisateur par Lariofiere, cette derni\u00e8re en informera l&rsquo;utilisateur en les publiant le plus clairement possible sur ses pages.<\/p>\n<p>[\/et_pb_text][\/et_pb_column][\/et_pb_row][\/et_pb_section]<\/p>\n","protected":false},"excerpt":{"rendered":"<p>Pr\u00e9misseLariofiere, conform\u00e9ment aux dispositions du d\u00e9cret l\u00e9gislatif 196\/2003 et du r\u00e8glement (UE) 2016\/679 du Parlement europ\u00e9en et du Conseil (ci-apr\u00e8s GDPR) concernant le traitement et la circulation des donn\u00e9es personnelles souhaite vous informer que le traitement des donn\u00e9es personnelles les donn\u00e9es seront trait\u00e9es selon les principes d&rsquo;exactitude, de lic\u00e9it\u00e9, de transparence et de minimisation pour [&hellip;]<\/p>\n","protected":false},"author":1,"featured_media":0,"parent":0,"menu_order":0,"comment_status":"closed","ping_status":"closed","template":"","meta":{"_et_pb_use_builder":"on","_et_pb_old_content":"","_et_gb_content_width":"","footnotes":""},"class_list":["post-2226","page","type-page","status-publish","hentry"],"yoast_head":"<!-- This site is optimized with the Yoast SEO plugin v23.5 - https:\/\/yoast.com\/wordpress\/plugins\/seo\/ -->\n<title>Confidentialit\u00e9 et cookies - Lake Como Green Land<\/title>\n<meta name=\"robots\" content=\"index, follow, max-snippet:-1, max-image-preview:large, max-video-preview:-1\" \/>\n<link rel=\"canonical\" href=\"https:\/\/www.lakecomogreenlands.com\/fr\/confidentialite-et-cookies\/\" \/>\n<meta property=\"og:locale\" content=\"fr_FR\" \/>\n<meta property=\"og:type\" content=\"article\" \/>\n<meta property=\"og:title\" content=\"Confidentialit\u00e9 et cookies - Lake Como Green Land\" \/>\n<meta property=\"og:description\" content=\"Pr\u00e9misseLariofiere, conform\u00e9ment aux dispositions du d\u00e9cret l\u00e9gislatif 196\/2003 et du r\u00e8glement (UE) 2016\/679 du Parlement europ\u00e9en et du Conseil (ci-apr\u00e8s GDPR) concernant le traitement et la circulation des donn\u00e9es personnelles souhaite vous informer que le traitement des donn\u00e9es personnelles les donn\u00e9es seront trait\u00e9es selon les principes d&#039;exactitude, de lic\u00e9it\u00e9, de transparence et de minimisation pour [&hellip;]\" \/>\n<meta property=\"og:url\" content=\"https:\/\/www.lakecomogreenlands.com\/fr\/confidentialite-et-cookies\/\" \/>\n<meta property=\"og:site_name\" content=\"Lake Como Green Land\" \/>\n<meta property=\"article:publisher\" content=\"https:\/\/www.facebook.com\/Lake-Como-Expo-Green-Lands-1229961333680893\/?fref=ts\" \/>\n<meta property=\"article:modified_time\" content=\"2022-12-15T11:26:43+00:00\" \/>\n<meta name=\"twitter:card\" content=\"summary_large_image\" \/>\n<meta name=\"twitter:label1\" content=\"Dur\u00e9e de lecture estim\u00e9e\" \/>\n\t<meta name=\"twitter:data1\" content=\"10 minutes\" \/>\n<script type=\"application\/ld+json\" class=\"yoast-schema-graph\">{\"@context\":\"https:\/\/schema.org\",\"@graph\":[{\"@type\":\"WebPage\",\"@id\":\"https:\/\/www.lakecomogreenlands.com\/fr\/confidentialite-et-cookies\/\",\"url\":\"https:\/\/www.lakecomogreenlands.com\/fr\/confidentialite-et-cookies\/\",\"name\":\"Confidentialit\u00e9 et cookies - Lake Como Green Land\",\"isPartOf\":{\"@id\":\"https:\/\/www.lakecomogreenlands.com\/fr\/#website\"},\"datePublished\":\"2017-07-04T10:37:46+00:00\",\"dateModified\":\"2022-12-15T11:26:43+00:00\",\"breadcrumb\":{\"@id\":\"https:\/\/www.lakecomogreenlands.com\/fr\/confidentialite-et-cookies\/#breadcrumb\"},\"inLanguage\":\"fr-FR\",\"potentialAction\":[{\"@type\":\"ReadAction\",\"target\":[\"https:\/\/www.lakecomogreenlands.com\/fr\/confidentialite-et-cookies\/\"]}]},{\"@type\":\"BreadcrumbList\",\"@id\":\"https:\/\/www.lakecomogreenlands.com\/fr\/confidentialite-et-cookies\/#breadcrumb\",\"itemListElement\":[{\"@type\":\"ListItem\",\"position\":1,\"name\":\"Home\",\"item\":\"https:\/\/www.lakecomogreenlands.com\/fr\/\"},{\"@type\":\"ListItem\",\"position\":2,\"name\":\"Confidentialit\u00e9 et cookies\"}]},{\"@type\":\"WebSite\",\"@id\":\"https:\/\/www.lakecomogreenlands.com\/fr\/#website\",\"url\":\"https:\/\/www.lakecomogreenlands.com\/fr\/\",\"name\":\"Lake Como Green Land\",\"description\":\"Lake Como Green Land\",\"publisher\":{\"@id\":\"https:\/\/www.lakecomogreenlands.com\/fr\/#organization\"},\"potentialAction\":[{\"@type\":\"SearchAction\",\"target\":{\"@type\":\"EntryPoint\",\"urlTemplate\":\"https:\/\/www.lakecomogreenlands.com\/fr\/?s={search_term_string}\"},\"query-input\":{\"@type\":\"PropertyValueSpecification\",\"valueRequired\":true,\"valueName\":\"search_term_string\"}}],\"inLanguage\":\"fr-FR\"},{\"@type\":\"Organization\",\"@id\":\"https:\/\/www.lakecomogreenlands.com\/fr\/#organization\",\"name\":\"Lariofiere\",\"url\":\"https:\/\/www.lakecomogreenlands.com\/fr\/\",\"logo\":{\"@type\":\"ImageObject\",\"inLanguage\":\"fr-FR\",\"@id\":\"https:\/\/www.lakecomogreenlands.com\/fr\/#\/schema\/logo\/image\/\",\"url\":\"https:\/\/www.lakecomogreenlands.com\/wp-content\/uploads\/2018\/07\/Logo-LARIOFIERE-COMO-LECCO-Blu.png\",\"contentUrl\":\"https:\/\/www.lakecomogreenlands.com\/wp-content\/uploads\/2018\/07\/Logo-LARIOFIERE-COMO-LECCO-Blu.png\",\"width\":200,\"height\":59,\"caption\":\"Lariofiere\"},\"image\":{\"@id\":\"https:\/\/www.lakecomogreenlands.com\/fr\/#\/schema\/logo\/image\/\"},\"sameAs\":[\"https:\/\/www.facebook.com\/Lake-Como-Expo-Green-Lands-1229961333680893\/?fref=ts\",\"https:\/\/www.instagram.com\/lakecomogreenland\/\"]}]}<\/script>\n<!-- \/ Yoast SEO plugin. -->","yoast_head_json":{"title":"Confidentialit\u00e9 et cookies - Lake Como Green Land","robots":{"index":"index","follow":"follow","max-snippet":"max-snippet:-1","max-image-preview":"max-image-preview:large","max-video-preview":"max-video-preview:-1"},"canonical":"https:\/\/www.lakecomogreenlands.com\/fr\/confidentialite-et-cookies\/","og_locale":"fr_FR","og_type":"article","og_title":"Confidentialit\u00e9 et cookies - Lake Como Green Land","og_description":"Pr\u00e9misseLariofiere, conform\u00e9ment aux dispositions du d\u00e9cret l\u00e9gislatif 196\/2003 et du r\u00e8glement (UE) 2016\/679 du Parlement europ\u00e9en et du Conseil (ci-apr\u00e8s GDPR) concernant le traitement et la circulation des donn\u00e9es personnelles souhaite vous informer que le traitement des donn\u00e9es personnelles les donn\u00e9es seront trait\u00e9es selon les principes d'exactitude, de lic\u00e9it\u00e9, de transparence et de minimisation pour [&hellip;]","og_url":"https:\/\/www.lakecomogreenlands.com\/fr\/confidentialite-et-cookies\/","og_site_name":"Lake Como Green Land","article_publisher":"https:\/\/www.facebook.com\/Lake-Como-Expo-Green-Lands-1229961333680893\/?fref=ts","article_modified_time":"2022-12-15T11:26:43+00:00","twitter_card":"summary_large_image","twitter_misc":{"Dur\u00e9e de lecture estim\u00e9e":"10 minutes"},"schema":{"@context":"https:\/\/schema.org","@graph":[{"@type":"WebPage","@id":"https:\/\/www.lakecomogreenlands.com\/fr\/confidentialite-et-cookies\/","url":"https:\/\/www.lakecomogreenlands.com\/fr\/confidentialite-et-cookies\/","name":"Confidentialit\u00e9 et cookies - Lake Como Green Land","isPartOf":{"@id":"https:\/\/www.lakecomogreenlands.com\/fr\/#website"},"datePublished":"2017-07-04T10:37:46+00:00","dateModified":"2022-12-15T11:26:43+00:00","breadcrumb":{"@id":"https:\/\/www.lakecomogreenlands.com\/fr\/confidentialite-et-cookies\/#breadcrumb"},"inLanguage":"fr-FR","potentialAction":[{"@type":"ReadAction","target":["https:\/\/www.lakecomogreenlands.com\/fr\/confidentialite-et-cookies\/"]}]},{"@type":"BreadcrumbList","@id":"https:\/\/www.lakecomogreenlands.com\/fr\/confidentialite-et-cookies\/#breadcrumb","itemListElement":[{"@type":"ListItem","position":1,"name":"Home","item":"https:\/\/www.lakecomogreenlands.com\/fr\/"},{"@type":"ListItem","position":2,"name":"Confidentialit\u00e9 et cookies"}]},{"@type":"WebSite","@id":"https:\/\/www.lakecomogreenlands.com\/fr\/#website","url":"https:\/\/www.lakecomogreenlands.com\/fr\/","name":"Lake Como Green Land","description":"Lake Como Green Land","publisher":{"@id":"https:\/\/www.lakecomogreenlands.com\/fr\/#organization"},"potentialAction":[{"@type":"SearchAction","target":{"@type":"EntryPoint","urlTemplate":"https:\/\/www.lakecomogreenlands.com\/fr\/?s={search_term_string}"},"query-input":{"@type":"PropertyValueSpecification","valueRequired":true,"valueName":"search_term_string"}}],"inLanguage":"fr-FR"},{"@type":"Organization","@id":"https:\/\/www.lakecomogreenlands.com\/fr\/#organization","name":"Lariofiere","url":"https:\/\/www.lakecomogreenlands.com\/fr\/","logo":{"@type":"ImageObject","inLanguage":"fr-FR","@id":"https:\/\/www.lakecomogreenlands.com\/fr\/#\/schema\/logo\/image\/","url":"https:\/\/www.lakecomogreenlands.com\/wp-content\/uploads\/2018\/07\/Logo-LARIOFIERE-COMO-LECCO-Blu.png","contentUrl":"https:\/\/www.lakecomogreenlands.com\/wp-content\/uploads\/2018\/07\/Logo-LARIOFIERE-COMO-LECCO-Blu.png","width":200,"height":59,"caption":"Lariofiere"},"image":{"@id":"https:\/\/www.lakecomogreenlands.com\/fr\/#\/schema\/logo\/image\/"},"sameAs":["https:\/\/www.facebook.com\/Lake-Como-Expo-Green-Lands-1229961333680893\/?fref=ts","https:\/\/www.instagram.com\/lakecomogreenland\/"]}]}},"_links":{"self":[{"href":"https:\/\/www.lakecomogreenlands.com\/fr\/wp-json\/wp\/v2\/pages\/2226"}],"collection":[{"href":"https:\/\/www.lakecomogreenlands.com\/fr\/wp-json\/wp\/v2\/pages"}],"about":[{"href":"https:\/\/www.lakecomogreenlands.com\/fr\/wp-json\/wp\/v2\/types\/page"}],"author":[{"embeddable":true,"href":"https:\/\/www.lakecomogreenlands.com\/fr\/wp-json\/wp\/v2\/users\/1"}],"replies":[{"embeddable":true,"href":"https:\/\/www.lakecomogreenlands.com\/fr\/wp-json\/wp\/v2\/comments?post=2226"}],"version-history":[{"count":4,"href":"https:\/\/www.lakecomogreenlands.com\/fr\/wp-json\/wp\/v2\/pages\/2226\/revisions"}],"predecessor-version":[{"id":2239,"href":"https:\/\/www.lakecomogreenlands.com\/fr\/wp-json\/wp\/v2\/pages\/2226\/revisions\/2239"}],"wp:attachment":[{"href":"https:\/\/www.lakecomogreenlands.com\/fr\/wp-json\/wp\/v2\/media?parent=2226"}],"curies":[{"name":"wp","href":"https:\/\/api.w.org\/{rel}","templated":true}]}}